{"id":425,"date":"2023-02-01T19:59:56","date_gmt":"2023-02-01T18:59:56","guid":{"rendered":"https:\/\/www.aitamenni-berriak.org\/?page_id=425"},"modified":"2023-02-01T20:01:17","modified_gmt":"2023-02-01T19:01:17","slug":"aviso-legal","status":"publish","type":"page","link":"https:\/\/www.aitamenni-berriak.org\/es\/aviso-legal\/","title":{"rendered":"Aviso legal"},"content":{"rendered":"<p><strong>\u00daltima actualizaci\u00f3n:<\/strong> 18 enero 2023.<\/p>\n<h2>1. Aspectos generales<\/h2>\n<p>Lea atentamente el siguiente aviso legal relativo al sitio web de HERMANAS HOSPITALARIAS AITA MENNI.<\/p>\n<h3>1.1.\u00a0 Datos identificativos del \u2018Prestador de servicios de la sociedad de la informaci\u00f3n\u201d<\/h3>\n<p>De conformidad con el art\u00edculo 10 de la Ley 34\/2002, de Servicios de la Sociedad de la Informaci\u00f3n y Comercio Electr\u00f3nico, se pone en su conocimiento que HERMANAS HOSPITALARIAS AITA MENNI, con NIF R2000140J, gestiona los contenidos del sitio web\u00a0<a href=\"http:\/\/www.aita-menni.org\">www.aita-menni.org<\/a>\u00a0\u00a0con domicilio social a estos efectos en B\u00ba Gesalibar, 15 - 20509 Arrasate-Mondrag\u00f3n (Gipuzkoa).<\/p>\n<p>HERMANAS HOSPITALARIAS AITA MENNI es una instituci\u00f3n que est\u00e1 inscrita en el Registro Mercantil Ministerio de Justicia. N\u00famero de registro 732-b\/2\u2013SE\/B.<\/p>\n<p>En caso de querer ponerse en contacto con nuestra entidad, puede dirigirse al domicilio arriba indicado, as\u00ed como al tel\u00e9fono: (+34) 943 794411 y correo electr\u00f3nico: <a href=\"mailto:dpd.aitamenni@hospitalarias.es\"><img loading=\"lazy\" decoding=\"async\" class=\" wp-image-57738 alignnone\" src=\"https:\/\/www.aita-menni.org\/wp-content\/uploads\/2023\/01\/Captura-de-pantalla-2023-01-18-a-las-19.54.05.png\" alt=\"Direcci\u00f3n de protecci\u00f3n de datos\" width=\"247\" height=\"30\" \/><\/a><\/p>\n<h3>1.2. Aceptaci\u00f3n y vigencia de las condiciones generales y particulares<\/h3>\n<p>Tanto la navegaci\u00f3n como la utilizaci\u00f3n y\/o pedido de cualesquiera de los servicios ofrecidos en esta p\u00e1gina web le atribuye a usted la condici\u00f3n de persona usuaria y supone su aceptaci\u00f3n plena y sin reservas de todas y cada una de las Condiciones Generales y, en su caso, Particulares vigentes en el momento en que usted como persona usuaria acceda a la p\u00e1gina web.<\/p>\n<p>HERMANAS HOSPITALARIAS AITA MENNI se reserva el derecho a ampliar y modificar unilateralmente, en cualquier momento y sin previo aviso, la presentaci\u00f3n, configuraci\u00f3n y contenidos de la web, as\u00ed como suspender temporalmente la presentaci\u00f3n, configuraci\u00f3n, especificaciones t\u00e9cnicas y servicios del sitio web, de la misma forma.<\/p>\n<h2>Condiciones generales de uso del sitio web<\/h2>\n<h3>2.1. Obligaciones de uso<\/h3>\n<p>Con car\u00e1cter general, la persona usuaria se obliga al cumplimiento de las presentes condiciones y t\u00e9rminos de uso, y obrar siempre conforme a la ley, a las buenas costumbres y a las exigencias de la buena fe, empleando la diligencia adecuada a la naturaleza del servicio del que disfruta, y absteni\u00e9ndose de utilizar el presente sitio web de cualquier forma que pueda impedir, da\u00f1ar o deteriorar el normal funcionamiento del mismo, los bienes o derechos de la entidad titular (HERMANAS HOSPITALARIAS AITA MENNI), del resto de personas usuarias o, en general, de terceras personas.<\/p>\n<p>En particular, y sin que ello implique restricci\u00f3n alguna a la obligaci\u00f3n asumida por la persona usuaria con car\u00e1cter general de conformidad con el apartado anterior, la persona usuaria se obliga, en la utilizaci\u00f3n del presente sitio web a:<\/p>\n<ul>\n<li>En caso de que se le facilite, la persona usuaria debe custodiar adecuadamente el \u2018nombre de persona usuaria\u2019 y la \u2018contrase\u00f1a\u2019 que le sea facilitada por HERMANAS HOSPITALARIAS AITA MENNI, como elementos identificadores y habilitadores para el acceso a los distintos servicios ofrecidos en el sitio web, comprometi\u00e9ndose a no ceder su uso ni a permitir el acceso a ellos de terceras personas asumiendo la responsabilidad por los da\u00f1os y perjuicios que pudieran derivarse de un uso indebido de los mismos.<\/li>\n<li>No introducir, almacenar o difundir en o desde el sitio web, cualquier informaci\u00f3n o material que fuera difamatorio, injurioso, obsceno, amenazador, xen\u00f3fobo, que incite a la violencia, a la discriminaci\u00f3n por raz\u00f3n de raza, sexo, ideolog\u00eda, religi\u00f3n o que de cualquier forma atente contra la moral, el orden p\u00fablico, los derechos fundamentales, las libertades p\u00fablicas, el honor, la intimidad o la imagen de terceros y, en general, que vulnere la normativa vigente espa\u00f1ola y de su pa\u00eds de residencia.<\/li>\n<li>No introducir, almacenar o difundir mediante el sitio web ning\u00fan programa de ordenador, datos, virus, c\u00f3digo, o cualquier otro fichero que sea susceptible de causar da\u00f1os o cualquier tipo de alteraci\u00f3n en el sitio web, en cualquiera de los servicios, o en cualquiera de los equipos, sistemas o redes de HERMANAS HOSPITALARIAS AITA MENNI de cualquier persona usuaria, o en general de cualquier tercera persona, que pueda impedir el normal funcionamiento de los mismos.<br \/>\nNo destruir, alterar, utilizar para su uso, inutilizar o da\u00f1ar los datos, informaciones, programas, documentos electr\u00f3nicos, o, en general, los ficheros de HERMANAS HOSPITALARIAS AITA MENNI de las personas usuarias o de terceras personas.<\/li>\n<\/ul>\n<p>HERMANAS HOSPITALARIAS AITA MENNI podr\u00e1, en todo momento y sin previo aviso, modificar las presentes Condiciones Generales, as\u00ed como las Condiciones Particulares que, en su caso, se incluyan, mediante la publicaci\u00f3n de dichas modificaciones en el sitio web con el fin de que puedan ser conocidas por las personas usuarias.<\/p>\n<h3>2.2. Exoneraci\u00f3n de responsabilidad<\/h3>\n<p>El contenido de esta web se ofrece con una finalidad informativa y comercial. HERMANAS HOSPITALARIAS AITA MENNI se exime de cualquier responsabilidad, directa o indirecta, que pudiera derivarse del uso o aplicaci\u00f3n de la informaci\u00f3n de esta web fuera de sus prop\u00f3sitos.<\/p>\n<p>La persona usuaria ser\u00e1 la \u00fanica responsable de las infracciones en que pueda incurrir o de los perjuicios que se puedan causar a terceras personas o entidades por la indebida o ileg\u00edtima utilizaci\u00f3n de la web.<\/p>\n<p>HERMANAS HOSPITALARIAS AITA MENNI no ser\u00e1 responsable:<\/p>\n<p>Con car\u00e1cter general, respecto del uso inadecuado de su sitio web. Las personas usuarias deber\u00e1n realizar un uso adecuado del mismo, de acuerdo con las condiciones y t\u00e9rminos anteriores, sin que ninguna responsabilidad pueda tener la instituci\u00f3n como titular por la utilizaci\u00f3n indebida.<\/p>\n<p>Respecto de posibles deficiencias t\u00e9cnicas. HERMANAS HOSPITALARIAS AITA MENNI no ser\u00e1 responsable en ning\u00fan caso de las alteraciones en el servicio que se produzcan por fallos en la red el\u00e9ctrica, en la red de conexi\u00f3n de datos, en el servidor o en cualesquiera prestaciones.<\/p>\n<p>Respecto al acceso por terceras personas a su sistema. HERMANAS HOSPITALARIAS AITA MENNI adoptar\u00e1 las cautelas t\u00e9cnicas necesarias a fin de proteger los datos e informaci\u00f3n a la que se accede, pero sin que sea responsable de actuaciones de dichas terceras personas que, vulnerando las medidas de seguridad establecidas, accedan a los citados datos.<\/p>\n<p>HERMANAS HOSPITALARIAS AITA MENNI invierte constantemente en medios tecnol\u00f3gicos que intentan minimizar el riesgo de virus y software similar, y contenidos no autorizados en sus sistemas de informaci\u00f3n. A pesar de ello, la persona usuaria es consciente de que debe adoptar sus propias medidas orientadas a minimizar los da\u00f1os ocasionados por software no autorizado, virus, troyanos y cualquier clase del software denominado malware, eximiendo a HERMANAS HOSPITALARIAS AITA MENNI de toda responsabilidad que pudiese derivarse de la contenci\u00f3n de malware en los tratamientos habilitados en la presente web.<\/p>\n<h3>2.3.\u00a0 Utilizaci\u00f3n de hiperenlaces<\/h3>\n<p>La persona usuaria de internet que quiera introducir enlaces desde sus propias webs a este sitio web deber\u00e1 cumplir con las condiciones que se detallan a continuaci\u00f3n, sin que el desconocimiento de las mismas evite las responsabilidades derivadas de la Ley.<\/p>\n<p>Podr\u00e1 realizar enlaces a este sitio web. El enlace vincular\u00e1 con una p\u00e1gina concreta del sitio web, pero no podr\u00e1 reproducir sus contenidos de ninguna forma (inline links, copia de los textos, gr\u00e1ficos, etc.). Quedar\u00e1 en todo caso prohibido, de acuerdo con la legislaci\u00f3n aplicable y vigente en cada momento, establecer frames o marcos de cualquier tipo que envuelvan a la web o permitan la visualizaci\u00f3n de los contenidos a trav\u00e9s de direcciones de internet distintas a las del sitio web y, en cualquier caso, cuando se visualicen conjuntamente con contenidos ajenos a la web de forma que: (I) produzca, o pueda producir, error, confusi\u00f3n o enga\u00f1o en las personas usuarias sobre la verdadera procedencia del servicio o contenidos; (II) suponga un acto de comparaci\u00f3n o imitaci\u00f3n desleal; (III) sirva para aprovechar la reputaci\u00f3n de la marca y prestigio de HERMANAS HOSPITALARIAS AITA MENNI; o (IV) de cualquier otra forma resulte prohibido por la legislaci\u00f3n vigente.<\/p>\n<p>No se realizar\u00e1n desde la web que introduce el enlace ning\u00fan tipo de manifestaci\u00f3n falsa, inexacta o incorrecta sobre HERMANAS HOSPITALARIAS AITA MENNI, su direcci\u00f3n, personas colaboradoras y empleadas, clientes o sobre la calidad de los servicios que presta.<\/p>\n<p>En ning\u00fan caso se expresar\u00e1 en la web donde se ubique el enlace que HERMANAS HOSPITALARIAS AITA MENNI ha prestado su consentimiento para la inserci\u00f3n del enlace ni que patrocina, colabora, verifica o supervisa los servicios del remitente.<\/p>\n<p>Est\u00e1 prohibida la utilizaci\u00f3n de cualquier marca denominativa, gr\u00e1fica o mixta o cualquier otro signo distintivo de HERMANAS HOSPITALARIAS AITA MENNI dentro de la web de la persona o entidad remitente salvo en los casos permitidos por la ley o expresamente autorizados por HERMANAS HOSPITALARIAS AITA MENNI, y siempre que se permita, en estos casos, un enlace directo con la web en la forma establecida en esta cl\u00e1usula.<\/p>\n<p>La web que establezca el enlace deber\u00e1 cumplir fielmente con la ley, y no podr\u00e1 en ning\u00fan caso disponer o enlazar con contenidos propios o de terceras personas o entidades que: (I) sean il\u00edcitos, nocivos o contrarios a la moral y a las buenas costumbres (pornogr\u00e1ficos, violentos, racistas, etc.); (II) induzcan o puedan inducir en la persona usuaria la falsa concepci\u00f3n de que HERMANAS HOSPITALARIAS AITA MENNI suscribe, respalda, se adhiere o de cualquier manera apoya, las ideas, manifestaciones o expresiones, l\u00edcitas o il\u00edcitas, de la persona remitente; (III) resulten inapropiados o no pertinentes con la actividad de HERMANAS HOSPITALARIAS AITA MENNI en atenci\u00f3n al lugar, contenidos y tem\u00e1tica de la web remitente. Igualmente, la persona usuaria se abstendr\u00e1 de incluir en la web cualquier hiperenlace o \u201clink\u201d dirigido a una web que contenga informaci\u00f3n o contenidos il\u00edcitos, contrarios a la moral y buenas costumbres generalmente aceptadas, y al orden p\u00fablico.<\/p>\n<h3>2.4. Propiedad intelectual e industrial<\/h3>\n<p>La estructura, dise\u00f1o y forma de presentaci\u00f3n de los elementos disponibles en la presente web (gr\u00e1ficos, im\u00e1genes, fotograf\u00edas, muestras y materiales que aparecen, tecnolog\u00edas industriales, ficheros, logotipos, combinaciones de colores y cualquier elemento susceptible de protecci\u00f3n) est\u00e1n protegidos por derechos de propiedad intelectual e industrial titularidad de HERMANAS HOSPITALARIAS AITA MENNI o sobre los que se han obtenido los derechos de uso correspondientes.<\/p>\n<p>Est\u00e1 prohibida la reproducci\u00f3n, transformaci\u00f3n, distribuci\u00f3n, comunicaci\u00f3n p\u00fablica, puesta a disposici\u00f3n del p\u00fablico y, en general, cualquier otra forma de explotaci\u00f3n, parcial o total de los elementos referidos en el apartado anterior. Su publicaci\u00f3n en otros sitios web o en otros medios de comunicaci\u00f3n digitales o escritos requiere el consentimiento expreso de la instituci\u00f3n titular de la web, y, en todo caso, deber\u00e1n hacer referencia expl\u00edcita a la titularidad de los citados derechos de propiedad intelectual de HERMANAS HOSPITALARIAS AITA MENNI.<\/p>\n<p>No se permite la utilizaci\u00f3n de los signos distintivos (marcas, nombres comerciales), salvo autorizaci\u00f3n expresa de la instituci\u00f3n como titular.<\/p>\n<p>La infracci\u00f3n de cualquier de estos derechos dar\u00e1 lugar al ejercicio de las correspondientes acciones judiciales, civiles y\/o penales que le puedan corresponder a HERMANAS HOSPITALARIAS AITA MENNI en defensa de sus intereses.<\/p>\n<h3>2.5.\u00a0 Enlaces a diferentes webs corporativas<\/h3>\n<p>HERMANAS HOSPITALARIAS AITA MENNI pone a disposici\u00f3n de las personas usuarias el acceso, a trav\u00e9s de diferentes enlaces, a webs corporativas de la Congregaci\u00f3n.<\/p>\n<p>No obstante, cada una de ellas est\u00e1 dotada de independencia, atribuyendo a cada persona responsable del tratamiento correspondiente la gesti\u00f3n de la misma.<\/p>\n<p>Dado que HERMANAS HOSPITALARIAS AITA MENNI no tiene el control sobre el contenido alojado en cada una de ellas, el usuario reconoce y acepta que HERMANAS HOSPITALARIAS AITA MENNI no asume responsabilidad alguna por el contenido ni por los servicios a los que la persona usuaria pueda acceder a trav\u00e9s de esas webs.<\/p>\n<h3>2.6. Confidencialidad y protecci\u00f3n de datos<\/h3>\n<p>De conformidad con lo dispuesto en la normativa vigente en materia de Protecci\u00f3n de Datos, todos los datos de car\u00e1cter personal facilitados durante la utilizaci\u00f3n de los sitios web ser\u00e1n tratados de conformidad con los dispuesto en la\u00a0Pol\u00edtica de Privacidad\u00a0que toda persona usuaria debe aceptar expresamente para poder utilizar cada uno de los sitios web.<\/p>\n<h3>2.7.\u00a0 Pol\u00edtica de cookies<\/h3>\n<p>Si quiere conocer con m\u00e1s detalle por qu\u00e9 utilizamos algunas cookies lea atentamente nuestra\u00a0Pol\u00edtica de cookies.<\/p>\n<h3>2.8. Comunicaciones<\/h3>\n<p>Para cualquier comunicaci\u00f3n que fuera preciso efectuar deber\u00e1 de enviar un correo electr\u00f3nico a \u00a0dpd.aitamenni@hospitalarias.es\u00a0o enviar una comunicaci\u00f3n escrita a HERMANAS HOSPITALARIAS AITA MENNI, B\u00ba Gesalibar, 15 - 20509 Arrasate-Mondrag\u00f3n (Gipuzkoa).<\/p>\n<h3>2.9.\u00a0 Jurisdicci\u00f3n y legislaci\u00f3n aplicable<\/h3>\n<p>Los t\u00e9rminos y condiciones que rigen este sitio web y todas las relaciones que pudieran derivarse se encuentran salvaguardados por la legislaci\u00f3n espa\u00f1ola.<\/p>\n<p>Cualquier controversia que pudiera derivarse del acceso o la utilizaci\u00f3n de estos sitios web ser\u00e1 de competencia de los tribunales de la ciudad de Mondrag\u00f3n o tribunales del partido judicial correspondiente a la ciudad de Mondrag\u00f3n.<\/p>\n<p><strong>HERMANAS HOSPITALARIAS AITA MENNI<br \/>\n<\/strong>\u00a9Todos los derechos reservados<\/p>\n","protected":false},"excerpt":{"rendered":"<p>\u00daltima actualizaci\u00f3n: 18 enero 2023. 1. Aspectos generales Lea atentamente el siguiente aviso legal relativo al sitio web de HERMANAS HOSPITALARIAS AITA MENNI. 1.1.\u00a0 Datos identificativos del \u2018Prestador de servicios de la sociedad de la informaci\u00f3n\u201d De conformidad con el art\u00edculo 10 de la Ley 34\/2002, de Servicios de la Sociedad de la Informaci\u00f3n y [&hellip;]<\/p>\n","protected":false},"author":1,"featured_media":0,"parent":0,"menu_order":0,"comment_status":"closed","ping_status":"closed","template":"","meta":{"footnotes":""},"class_list":["post-425","page","type-page","status-publish","hentry"],"_links":{"self":[{"href":"https:\/\/www.aitamenni-berriak.org\/es\/wp-json\/wp\/v2\/pages\/425","targetHints":{"allow":["GET"]}}],"collection":[{"href":"https:\/\/www.aitamenni-berriak.org\/es\/wp-json\/wp\/v2\/pages"}],"about":[{"href":"https:\/\/www.aitamenni-berriak.org\/es\/wp-json\/wp\/v2\/types\/page"}],"author":[{"embeddable":true,"href":"https:\/\/www.aitamenni-berriak.org\/es\/wp-json\/wp\/v2\/users\/1"}],"replies":[{"embeddable":true,"href":"https:\/\/www.aitamenni-berriak.org\/es\/wp-json\/wp\/v2\/comments?post=425"}],"version-history":[{"count":2,"href":"https:\/\/www.aitamenni-berriak.org\/es\/wp-json\/wp\/v2\/pages\/425\/revisions"}],"predecessor-version":[{"id":429,"href":"https:\/\/www.aitamenni-berriak.org\/es\/wp-json\/wp\/v2\/pages\/425\/revisions\/429"}],"wp:attachment":[{"href":"https:\/\/www.aitamenni-berriak.org\/es\/wp-json\/wp\/v2\/media?parent=425"}],"curies":[{"name":"wp","href":"https:\/\/api.w.org\/{rel}","templated":true}]}}