{"id":407,"date":"2023-02-01T17:56:40","date_gmt":"2023-02-01T16:56:40","guid":{"rendered":"https:\/\/www.aitamenni-berriak.org\/?page_id=407"},"modified":"2023-02-01T21:22:44","modified_gmt":"2023-02-01T20:22:44","slug":"politica-de-cookies","status":"publish","type":"page","link":"https:\/\/www.aitamenni-berriak.org\/es\/politica-de-cookies\/","title":{"rendered":"Pol\u00edtica de cookies"},"content":{"rendered":"<p><strong>\u00daltima actualizaci\u00f3n:<\/strong> 18 enero 2023.<\/p>\n<h2>1. Cookies<\/h2>\n<p>Este sitio web, al igual que la mayor\u00eda de los sitios en internet, usa cookies y elementos de almacenamiento local y de sesi\u00f3n con distintas finalidades.<\/p>\n<p>A continuaci\u00f3n, encontrar\u00e1 informaci\u00f3n detallada sobre qu\u00e9 son las cookies, para qu\u00e9 las usamos en este sitio web, qu\u00e9 tipo de cookies utilizamos, c\u00f3mo puede desactivarlas en su navegador y c\u00f3mo bloquear espec\u00edficamente la instalaci\u00f3n de cookies.<\/p>\n<h3>1.1 \u00bfQu\u00e9 son las cookies?<\/h3>\n<p>Las\u00a0<b>cookies<\/b>\u00a0son peque\u00f1os archivos de texto que la mayor\u00eda de los sitios web o las aplicaciones instalan en el navegador o en el dispositivo (smartphone, tablet o televisi\u00f3n conectada) de la persona usuaria durante su recorrido por las p\u00e1ginas del sitio o por la aplicaci\u00f3n, y que sirven para que el sitio web pueda permitir diversas funcionalidades y sea visualizado correctamente, para recordar preferencias (por ejemplo, el lenguaje en el que se desea ver la web o el tama\u00f1o de letra), o recoger datos estad\u00edsticos (n\u00famero de visitas, duracine persona usuariaferencias de la persona usuariar ejemplo, el lenguaje en el que quiere ver la web), duraci\u00f3n de la visita, d\u00eda, hora...).<\/p>\n<p>El uso de\u00a0<b>cookies<\/b>\u00a0permite optimizar la navegaci\u00f3n, adaptando la informaci\u00f3n y los servicios ofrecidos a los intereses de la persona usuaria, para proporcionarle una mejor experiencia siempre que visita el sitio web.<\/p>\n<p>Este sitio web utiliza\u00a0<b>cookies\u00a0<\/b>para funcionar, adaptar y facilitar al m\u00e1ximo la navegaci\u00f3n de la persona usuaria.<\/p>\n<h3>1.2 Tipolog\u00eda, finalidad y funcionamiento<\/h3>\n<p>Nuestras\u00a0<b>cookies<\/b>, en funci\u00f3n de su permanencia, pueden dividirse en\u00a0<b>cookies de sesi\u00f3n\u00a0o\u00a0permanentes<\/b>. Las primeras expiran cuando la persona usuaria cierra el navegador. Las segundas expiran cuando se cumple el objetivo para el que sirven (por ejemplo, para que la persona usuaria se mantenga identificada en el sitio web) o bien cuando se borran manualmente.<\/p>\n<p>Adicionalmente,\u00a0<b>en funci\u00f3n de su objetivo<\/b>, las\u00a0<b>cookies<\/b>\u00a0pueden clasificarse de la siguiente forma:<\/p>\n<ul>\n<li><b>Estrictamente necesarias (t\u00e9cnicas)<\/b>: son aquellas imprescindibles para el correcto funcionamiento de la p\u00e1gina. Normalmente se generan cuando la persona usuaria accede al sitio web o inicia sesi\u00f3n en el mismo y se utilizan para identificarla en el sitio web con los siguientes objetivos:\n<ul>\n<li>Mantener a la persona usuaria identificada de forma que, si abandona el sitio web, el navegador o el dispositivo y en otro momento vuelve a acceder a dicho sitio web, seguir\u00e1 identificada, facilitando as\u00ed su navegaci\u00f3n sin tener que volver a identificarse.<\/li>\n<li>Comprobar si la persona usuaria est\u00e1 autorizada para acceder a ciertos servicios o zonas del sitio web.<\/li>\n<\/ul>\n<\/li>\n<\/ul>\n<ul>\n<li><b>De rendimiento<\/b>: se utilizan para mejorar la experiencia de navegaci\u00f3n y optimizar el funcionamiento del sitio web, como por ejemplo, almacenar las configuraciones de servicios, o almacenar la compra realizada en un carrito de la compra.<\/li>\n<\/ul>\n<ul>\n<li><b>De geolocalizaci\u00f3n<\/b>: estas cookies se utilizan para averiguar en qu\u00e9 pa\u00eds o regi\u00f3n se encuentra la persona usuaria cuando accede a un servicio del sitio web con el fin de ofrecerle contenidos o servicios adecuados a su localizaci\u00f3n.<\/li>\n<\/ul>\n<ul>\n<li><b>De anal\u00edtica<\/b>: recopilan informaci\u00f3n sobre la experiencia de navegaci\u00f3n de la persona usuaria en el sitio web, normalmente de forma an\u00f3nima, aunque en ocasiones tambi\u00e9n permiten identificar de manera \u00fanica e inequ\u00edvoca a la persona usuaria con el fin de obtener informes sobre los intereses de las personas usuarias en los servicios que ofrece el sitio web.<\/li>\n<\/ul>\n<h2>2. Cookies utilizadas en este sitio web<\/h2>\n<p><strong>Esta web utiliza cookies y elementos de almacenamiento local y de sesi\u00f3n.<\/strong><\/p>\n<p>Algunos de estos archivos permanecen en el navegador o el dispositivo de la persona usuaria s\u00f3lo mientras dura su sesi\u00f3n de navegaci\u00f3n (cookies de sesi\u00f3n), y otros se borran autom\u00e1ticamente al cabo de un tiempo o permanecen hasta que son borrados por la persona usuaria (cookies persistentes).<\/p>\n<p>Algunos de estos archivos se instalan en el navegador o dispositivo de la persona usuaria desde el dominio Aita-menni.org (cookies propias) y otros, desde dominios ajenos (cookies de terceras partes).<\/p>\n<p>Utilizamos\u00a0<strong>cookies estrictamente necesarias<\/strong>\u00a0para:<\/p>\n<ul>\n<li>Asegurar que el sitio web pueda funcionar correctamente.<\/li>\n<\/ul>\n<p>Utilizamos\u00a0<strong>cookies de preferencias<\/strong>\u00a0para:<\/p>\n<ul>\n<li>Recordar el idioma en el que se desea ver los contenidos.<\/li>\n<\/ul>\n<p>Adem\u00e1s, utilizamos\u00a0<strong>otras cookies<\/strong>\u00a0para:<\/p>\n<ul>\n<li>Recopilar informaci\u00f3n estad\u00edstica an\u00f3nima, como qu\u00e9 p\u00e1ginas se han visitado o cu\u00e1l ha sido el tiempo de permanencia en cada una de ellas.<br \/>\nPara esta finalidad utilizamos cookies propias que se combinan con el registro de las interacciones de las personas usuarias en cada una de las p\u00e1ginas del sitio web por parte de Google Analytics, un servicio de la compa\u00f1\u00eda Google Ireland Limited. La IP de los dispositivos que acceden a Aita-menni.org es anonimizada, de manera que Google Analytics no tiene acceso a la IP completa y, por tanto, no puede identificar una conexi\u00f3n de internet espec\u00edfica o un dispositivo concreto como el origen de esas interacciones.<br \/>\nConsulta la\u00a0<a href=\"https:\/\/policies.google.com\/privacy?hl=es&amp;fg=1\">pol\u00edtica de privacidad de Google<\/a>.<\/li>\n<li>Permitir a las personas que visitan el sitio web publicar en diversas redes sociales enlaces a contenidos o enviarlos por e-mail o por Whatsapp.<\/li>\n<li>Permitir a las personas que visitan el sitio web reproducir los v\u00eddeos de plataformas como YouTube o de medios de comunicaci\u00f3n que aparecen en algunas p\u00e1ginas.<br \/>\nPara esta finalidad, YouTube, Vimeo o los medios de comunicaci\u00f3n instalan cookies cuando accede a una p\u00e1gina que tiene un v\u00eddeo alojado en alguno de esos servicios o medios.<\/li>\n<\/ul>\n<h2>3. Deshabilitar el uso de cookies<\/h2>\n<p>Si la persona usuaria as\u00ed lo desea, es posible dejar de aceptar las cookies del navegador, o dejar de aceptar las cookies de un servicio en particular.<\/p>\n<p>Todos los navegadores modernos permiten cambiar la configuraci\u00f3n de cookies. Estos ajustes normalmente se encuentran en las \u201cOpciones\u201d o \u201cPreferencias\u201d del men\u00fa del navegador.<\/p>\n<p>La persona usuaria podr\u00e1, en cualquier momento, deshabilitar el uso de cookies en este sitio web mediante:<\/p>\n<ul>\n<li>La configuraci\u00f3n del navegador, por ejemplo:\n<ul>\n<li><a href=\"https:\/\/support.google.com\/chrome\/answer\/95647?co=GENIE.Platform%3DDesktop&amp;hl=es-419\">Google Chrome<\/a><\/li>\n<li><a href=\"https:\/\/support.microsoft.com\/es-es\/help\/17442\/windows-internet-explorer-delete-manage-cookies\">Internet Explorer<\/a><\/li>\n<li><a href=\"https:\/\/support.mozilla.org\/es\/kb\/habilitar-y-deshabilitar-cookies-sitios-web-rastrear-preferencias\">Mozilla Firefox<\/a><\/li>\n<li><a href=\"https:\/\/support.apple.com\/es-es\/guide\/safari\/sfri11471\/mac\">Safari en MacOS<\/a><\/li>\n<li><a href=\"https:\/\/support.apple.com\/es-es\/HT201265\">Safari en iOS<\/a><\/li>\n<\/ul>\n<\/li>\n<li>Otras herramientas de terceras personas, disponibles on-line, que permiten a las personas usuarias detectar las cookies en cada sitio web que visitan y gestionar su desactivaci\u00f3n.<\/li>\n<\/ul>\n<h2>4. \u00bfQu\u00e9 ocurre al deshabilitar las cookies?<\/h2>\n<p>Si deshabilita el uso de cookies en este sitio web, algunas funcionalidades y servicios pueden quedar desactivados o tener un comportamiento diferente al esperado.<\/p>\n<h2>5. Garant\u00edas adicionales y revocaci\u00f3n de la aceptaci\u00f3n<\/h2>\n<p>HERMANAS HOSPITALARIAS AITA MENNI no se hace responsable del contenido y veracidad de las pol\u00edticas de privacidad de los componentes de terceras entidades incluidos en este sitio web.<\/p>\n<p>Como garant\u00eda adicional, el registro de cookies en este sitio web podr\u00e1 estar sujeto a la \u2018Aceptaci\u00f3n de cookies\u2019 por parte de la persona usuaria durante la visita al sitio web, la instalaci\u00f3n o puesta al d\u00eda del navegador usado, y esta aceptaci\u00f3n puede en todo momento ser revocada mediante las opciones de configuraci\u00f3n de contenidos y privacidad disponibles ya comentadas en el punto 4 de esta \u2018Pol\u00edtica de cookies\u2019.<\/p>\n<h2>6. Actualizaci\u00f3n de la pol\u00edtica de cookies<\/h2>\n<p>HERMANAS HOSPITALARIAS AITA MENNI puede modificar esta Pol\u00edtica de cookies en funci\u00f3n de exigencias legislativas, reglamentarias, o con la finalidad de adaptar dicha pol\u00edtica a las instrucciones dictadas por la Agencia Espa\u00f1ola de Protecci\u00f3n de Datos, por ello se aconseja a las personas usuarias que la visiten peri\u00f3dicamente.<\/p>\n<p>Cuando se produzcan cambios significativos en esta Pol\u00edtica de cookies, se comunicar\u00e1 a las personas usuarias bien mediante la web o a trav\u00e9s de correo electr\u00f3nico a las personas usuarias registradas.<\/p>\n<h2>7. Pol\u00edtica de privacidad<\/h2>\n<p>Esta Pol\u00edtica de Cookies se complementa con la <a href=\"https:\/\/www.aitamenni-berriak.org\/es\/politica-privacidad\/\">Pol\u00edtica de Privacidad<\/a>, a la que podr\u00e1 acceder para conocer la informaci\u00f3n necesaria adicional sobre protecci\u00f3n de datos personales.<\/p>\n<p>&nbsp;<\/p>\n<p>&nbsp;<\/p>\n<p>&nbsp;<\/p>\n","protected":false},"excerpt":{"rendered":"<p>\u00daltima actualizaci\u00f3n: 18 enero 2023. 1. Cookies Este sitio web, al igual que la mayor\u00eda de los sitios en internet, usa cookies y elementos de almacenamiento local y de sesi\u00f3n con distintas finalidades. A continuaci\u00f3n, encontrar\u00e1 informaci\u00f3n detallada sobre qu\u00e9 son las cookies, para qu\u00e9 las usamos en este sitio web, qu\u00e9 tipo de cookies [&hellip;]<\/p>\n","protected":false},"author":1,"featured_media":0,"parent":0,"menu_order":0,"comment_status":"closed","ping_status":"closed","template":"","meta":{"footnotes":""},"class_list":["post-407","page","type-page","status-publish","hentry"],"_links":{"self":[{"href":"https:\/\/www.aitamenni-berriak.org\/es\/wp-json\/wp\/v2\/pages\/407","targetHints":{"allow":["GET"]}}],"collection":[{"href":"https:\/\/www.aitamenni-berriak.org\/es\/wp-json\/wp\/v2\/pages"}],"about":[{"href":"https:\/\/www.aitamenni-berriak.org\/es\/wp-json\/wp\/v2\/types\/page"}],"author":[{"embeddable":true,"href":"https:\/\/www.aitamenni-berriak.org\/es\/wp-json\/wp\/v2\/users\/1"}],"replies":[{"embeddable":true,"href":"https:\/\/www.aitamenni-berriak.org\/es\/wp-json\/wp\/v2\/comments?post=407"}],"version-history":[{"count":4,"href":"https:\/\/www.aitamenni-berriak.org\/es\/wp-json\/wp\/v2\/pages\/407\/revisions"}],"predecessor-version":[{"id":447,"href":"https:\/\/www.aitamenni-berriak.org\/es\/wp-json\/wp\/v2\/pages\/407\/revisions\/447"}],"wp:attachment":[{"href":"https:\/\/www.aitamenni-berriak.org\/es\/wp-json\/wp\/v2\/media?parent=407"}],"curies":[{"name":"wp","href":"https:\/\/api.w.org\/{rel}","templated":true}]}}