{"id":3,"date":"2020-12-25T21:20:15","date_gmt":"2020-12-25T21:20:15","guid":{"rendered":"http:\/\/localhost:8888\/aitamenni-berriak\/?page_id=3"},"modified":"2023-02-01T21:22:28","modified_gmt":"2023-02-01T20:22:28","slug":"politica-privacidad","status":"publish","type":"page","link":"https:\/\/www.aitamenni-berriak.org\/es\/politica-privacidad\/","title":{"rendered":"Pol\u00edtica de privacidad"},"content":{"rendered":"\r\n<p><strong>\u00daltima actualizaci\u00f3n:<\/strong> 18 enero 2023.<\/p>\r\n<p>HERMANAS HOSPITALARIAS AITA MENNI est\u00e1 especialmente sensibilizada en la protecci\u00f3n de datos de car\u00e1cter personal de las personas usuarias de los servicios del sitio web. Mediante la presente \u2018Pol\u00edtica de privacidad\u2019 (en adelante, la Pol\u00edtica) HERMANAS HOSPITALARIAS AITA MENNI informa a las personas usuarias del sitio web www.aita-menni.org de los usos a los que se someten los datos de car\u00e1cter personal que se recaban en este sitio web, con el fin de que decidan, libre y voluntariamente, si desean facilitar la informaci\u00f3n solicitada.<\/p>\r\n<p>HERMANAS HOSPITALARIAS AITA MENNI se reserva la facultad de modificar esta Pol\u00edtica con el objeto de adaptarla a novedades legislativas, criterios jurisprudenciales, pr\u00e1cticas del sector, o intereses de la entidad. Cualquier modificaci\u00f3n en la misma ser\u00e1 anunciada con la debida antelaci\u00f3n, a fin de que tenga perfecto conocimiento de su contenido.<\/p>\r\n<h3 class=\"wp-block-heading\">1.1 Responsable<\/h3>\r\n<p>El responsable del tratamiento de los datos de car\u00e1cter personal es:<\/p>\r\n<p><strong>HERMANAS HOSPITALARIAS AITA MENNI<br \/><\/strong><span style=\"background-color: var(--color_content_background); color: var(--color_content_text); font-family: var(--typography_fonts_text);\">B\u00ba Gesalibar, 15 - 20509 Arrasate-Mondrag\u00f3n (Gipuzkoa)<br \/><\/span>NIF: R2000140J<br \/><a href=\"https:\/\/www.aita-menni.org\">https:\/\/www.aita-menni.org<\/a><br \/>Tel\u00e9fono: (+34) 943 794411<br \/>E-mail: <a href=\"mailto:dpd.aitamenni@hospitalarias.es\"><img loading=\"lazy\" decoding=\"async\" class=\" wp-image-57738 alignnone\" src=\"https:\/\/www.aita-menni.org\/wp-content\/uploads\/2023\/01\/Captura-de-pantalla-2023-01-18-a-las-19.54.05.png\" alt=\"Direcci\u00f3n de protecci\u00f3n de datos\" width=\"239\" height=\"23\" \/><\/a><\/p>\r\n<h3>1.2 Finalidad del tratamiento<\/h3>\r\n<p>La finalidad de la recogida y tratamiento de los datos personales, a trav\u00e9s de los correos y formularios electr\u00f3nicos puestos por HERMANAS HOSPITALARIAS AITA MENNI a disposici\u00f3n de las personas usuarias, responde, seg\u00fan el caso concreto:<\/p>\r\n<ul>\r\n<li>A la necesidad de gestionar y atender las solicitudes de informaci\u00f3n, dudas o sugerencias.<\/li>\r\n<li>A la necesidad de gestionar las suscripciones a los boletines informativos de la entidad.<\/li>\r\n<\/ul>\r\n<p>De acuerdo a las finalidades descritas, el tipo de datos que se tratan principalmente son: datos identificativos y datos adicionales de otros datos (metadatos de comunicaciones electr\u00f3nicas), adem\u00e1s de datos acad\u00e9micos y profesionales.<\/p>\r\n<h3>1.3 Plazo de conservaci\u00f3n<\/h3>\r\n<p>Los datos personales proporcionados se conservar\u00e1n durante el plazo correspondiente para cumplir con las obligaciones legales, o hasta que se solicite su supresi\u00f3n por parte de la persona interesada legitimada para ello.<\/p>\r\n<p>Los datos basados en el consentimiento se mantendr\u00e1n mientras la persona interesada no revoque dicho consentimiento, siendo a partir de ese momento cuando se proceder\u00e1 a la supresi\u00f3n de los mismos, siempre y cuando una obligaci\u00f3n legal no nos limite esta posibilidad.<\/p>\r\n<p>De manera espec\u00edfica, los datos curriculares tendr\u00e1n un plazo de conservaci\u00f3n de 1 a\u00f1o, a partir del cual ser\u00e1n borrados en cumplimiento de los principios legislativos que rigen esta materia.<\/p>\r\n<h3>1.4 Legitimaci\u00f3n<\/h3>\r\n<p>HERMANAS HOSPITALARIAS AITA MENNI est\u00e1 legitimada al tratamiento de datos personales, de acuerdo al consentimiento otorgado por la persona interesada para uno o varios fines espec\u00edficos, tal y como recoge el art\u00edculo 6.1. a) del Reglamento General de Protecci\u00f3n de Datos Personales.<\/p>\r\n<p>No obstante, y en los casos en los que este consentimiento no sea de aplicaci\u00f3n, cabe recordar que la licitud o legitimaci\u00f3n del tratamiento podr\u00e1 ajustarse a otras condiciones legales previstas en el art\u00edculo 6 del citado Reglamento General, por ejemplo, como cuando el tratamiento sea necesario para la ejecuci\u00f3n de un contrato en el que la persona interesada es parte o dicho tratamiento sea necesario para la satisfacci\u00f3n de intereses leg\u00edtimos por parte de HERMANAS HOSPITALARIAS AITA MENNI.<\/p>\r\n<h3>1.5 Exactitud de los datos<\/h3>\r\n<p>La persona usuaria garantiza que los datos aportados son verdaderos, exactos, completos y actualizados, siendo responsable de cualquier da\u00f1o o perjuicio, directo o indirecto, que pudiera ocasionarse como consecuencia del incumplimiento de tal obligaci\u00f3n.<\/p>\r\n<p>Con el fin de que los datos obrantes en nuestros ficheros, inform\u00e1ticos y\/o en papel, siempre correspondan a la realidad, se tratar\u00e1n de mantener actualizados. De manera que, a estos efectos, la persona usuaria deber\u00e1 realizar los cambios, directamente, cuando as\u00ed est\u00e9 habilitado o comunic\u00e1ndose, por medio fehaciente, al \u00e1rea o departamento correspondiente a HERMANAS HOSPITALARIAS AITA MENNI.<\/p>\r\n<h3>1.6 Personas destinatarias<\/h3>\r\n<p>Los datos personales recabados a trav\u00e9s del correo electr\u00f3nico, mensajes de consulta o formularios propiedad del responsable del tratamiento no ser\u00e1n cedidos o comunicados a terceras personas o entidades, salvo en los supuestos necesarios para el desarrollo, control y cumplimiento de las finalidad\/es expresada\/s, en los supuestos previstos en la Ley, as\u00ed como en los casos espec\u00edficos, de los que se informe expresamente a la persona usuaria.<\/p>\r\n<h3>1.7 Extranet<\/h3>\r\n<p>Adem\u00e1s de las direcciones de email o formularios de contacto existentes, HERMANAS HOSPITALARIAS AITA MENNI podr\u00eda disponer de una extranet para la relaci\u00f3n con proveedores, clientes, familiares de personas usuarias, personas voluntarias o cualquier otra persona o entidad vinculada a la instituci\u00f3n a trav\u00e9s de la web.<\/p>\r\n<p>En este sentido, la presente Pol\u00edtica es tambi\u00e9n de aplicaci\u00f3n a las actividades de tratamiento que se realicen en la misma.<\/p>\r\n<p>Todas las personas usuarias deber\u00e1n aceptar expresamente esta Pol\u00edtica, as\u00ed como las Condiciones Generales de Uso del Sitio Web contenidas en el Aviso Legal, en el momento del registro en la herramienta.<\/p>\r\n<h3>1.8 Comentarios sobre textos y\/o fotograf\u00edas<\/h3>\r\n<p>Debido a la posibilidad de introducir comentarios al pie de algunos textos de los sitios web, en los que se publican tambi\u00e9n fotograf\u00edas, tendremos que tener en cuenta que podr\u00e1 existir informaci\u00f3n de car\u00e1cter personal de forma adicional a la informaci\u00f3n que se env\u00eda\/recibe a trav\u00e9s de email\/formularios de contacto, concretamente la que se intercambia en la propia herramienta a trav\u00e9s de los comentarios de las personas usuarias.<\/p>\r\n<p>Con car\u00e1cter general, la presente Pol\u00edtica es aplicable a las personas usuarias de dichos emplazamientos que quieran participar en los mismos realizando comunicaciones de alg\u00fan tipo.<\/p>\r\n<p>Adem\u00e1s, conforme a la idiosincrasia de este tipo de herramientas, la aceptaci\u00f3n de esta Pol\u00edtica y la participaci\u00f3n de las personas usuarias en las mismas implicar\u00e1 expresamente que las personas interesadas consienten la publicaci\u00f3n de los datos personales que ellas mismas introduzcan en el texto que publiquen en el comentario correspondiente. No obstante, con car\u00e1cter general, estas personas usuarias deber\u00e1n ser conscientes tambi\u00e9n de que la informaci\u00f3n publicada en este sentido puede llegar a tener una difusi\u00f3n masiva o universal, debiendo adoptar las cautelas que ellas mismas estimen oportunas.<\/p>\r\n<p>HERMANAS HOSPITALARIAS AITA MENNI podr\u00e1 proporcionar unas buenas pr\u00e1cticas o normas de gesti\u00f3n de comentarios, a parte de la citada Pol\u00edtica, que todas las personas usuarias deber\u00e1n respetar, con el objetivo de proteger en la mayor medida posible la informaci\u00f3n de car\u00e1cter personal de estas personas usuarias.<\/p>\r\n<h3>1.9 Derechos de las personas usuarias<\/h3>\r\n<p>La persona interesada en el tratamiento de sus datos personales, en todo caso, podr\u00e1 ejercitar los derechos que le asisten de acuerdo con el RGPD, y que son:<\/p>\r\n<ul>\r\n<li>derecho a solicitar el acceso a los datos personales relativos a la persona interesada<\/li>\r\n<li>derecho a solicitar su rectificaci\u00f3n o supresi\u00f3n<\/li>\r\n<li>derecho a solicitar la limitaci\u00f3n de su tratamiento<\/li>\r\n<li>derecho a oponerse al tratamiento<\/li>\r\n<li>derecho a la portabilidad de los datos<\/li>\r\n<\/ul>\r\n<p>La persona interesada podr\u00e1 ejercitar tales derechos mediante solicitud acompa\u00f1ada de una fotocopia de su D.N.I, y en la que especificar\u00e1 cu\u00e1l de estos solicita sea satisfecho, remitida a la direcci\u00f3n: HERMANAS HOSPITALARIAS AITA MENNI, con domicilio social a estos efectos en B\u00ba Gesalibar, 15 - 20509 Arrasate-Mondrag\u00f3n (Gipuzkoa).<\/p>\r\n<h3>1.10 Medidas de seguridad<\/h3>\r\n<p>HERMANAS HOSPITALARIAS AITA MENNI aplicar\u00e1 las medidas t\u00e9cnicas y organizativas apropiadas, a fin de garantizar la seguridad y confidencialidad de los datos almacenados, evitando as\u00ed su alteraci\u00f3n, p\u00e9rdida, tratamiento o acceso no autorizado; teniendo en cuenta el estado de la t\u00e9cnica, los costes de aplicaci\u00f3n, y la naturaleza, el alcance, el contexto y los fines del tratamiento, as\u00ed como riesgos de probabilidad y gravedad asociadas a cada uno de los tratamientos.<\/p>\r\n<p>Si tiene alguna pregunta sobre esta \u2018Pol\u00edtica de privacidad\u2019, rogamos que se ponga en contacto con nuestra instituci\u00f3n enviando un email a: dpd.aitamenni@hospitalarias.es.<\/p>\r\n<p>&nbsp;<\/p>\r\n","protected":false},"excerpt":{"rendered":"<p>\u00daltima actualizaci\u00f3n: 18 enero 2023. HERMANAS HOSPITALARIAS AITA MENNI est\u00e1 especialmente sensibilizada en la protecci\u00f3n de datos de car\u00e1cter personal de las personas usuarias de los servicios del sitio web. Mediante la presente \u2018Pol\u00edtica de privacidad\u2019 (en adelante, la Pol\u00edtica) HERMANAS HOSPITALARIAS AITA MENNI informa a las personas usuarias del sitio web www.aita-menni.org de los [&hellip;]<\/p>\n","protected":false},"author":1,"featured_media":0,"parent":0,"menu_order":0,"comment_status":"closed","ping_status":"open","template":"","meta":{"footnotes":""},"class_list":["post-3","page","type-page","status-publish","hentry"],"_links":{"self":[{"href":"https:\/\/www.aitamenni-berriak.org\/es\/wp-json\/wp\/v2\/pages\/3","targetHints":{"allow":["GET"]}}],"collection":[{"href":"https:\/\/www.aitamenni-berriak.org\/es\/wp-json\/wp\/v2\/pages"}],"about":[{"href":"https:\/\/www.aitamenni-berriak.org\/es\/wp-json\/wp\/v2\/types\/page"}],"author":[{"embeddable":true,"href":"https:\/\/www.aitamenni-berriak.org\/es\/wp-json\/wp\/v2\/users\/1"}],"replies":[{"embeddable":true,"href":"https:\/\/www.aitamenni-berriak.org\/es\/wp-json\/wp\/v2\/comments?post=3"}],"version-history":[{"count":2,"href":"https:\/\/www.aitamenni-berriak.org\/es\/wp-json\/wp\/v2\/pages\/3\/revisions"}],"predecessor-version":[{"id":446,"href":"https:\/\/www.aitamenni-berriak.org\/es\/wp-json\/wp\/v2\/pages\/3\/revisions\/446"}],"wp:attachment":[{"href":"https:\/\/www.aitamenni-berriak.org\/es\/wp-json\/wp\/v2\/media?parent=3"}],"curies":[{"name":"wp","href":"https:\/\/api.w.org\/{rel}","templated":true}]}}